{"id":1256,"date":"2018-09-06T13:14:22","date_gmt":"2018-09-06T11:14:22","guid":{"rendered":"https:\/\/pifitalia.com\/fr\/?page_id=1256"},"modified":"2024-01-26T10:53:37","modified_gmt":"2024-01-26T09:53:37","slug":"interdiction-tests-cosmetiques-animaux","status":"publish","type":"page","link":"https:\/\/pifitalia.com\/fr\/interdiction-tests-cosmetiques-animaux\/","title":{"rendered":"INTERDICTION DES TESTS COSM\u00c9TIQUES SUR LES ANIMAUX"},"content":{"rendered":"<h1 style=\"text-align: justify;\">11 MARS 2013<\/h1>\n<p>L&rsquo;utilisation de tests cosm\u00e9tiques sur des animaux a toujours suscit\u00e9 des affrontements et des d\u00e9bats au sein de la population. Le 11 mars 2013, une \u00e9tape importante a \u00e9t\u00e9 franchie pour l&rsquo;Union europ\u00e9enne : \u00e0 cette date, l&rsquo;interdiction de commercialiser des produits cosm\u00e9tiques contenant des ingr\u00e9dients test\u00e9s sur des animaux pour des \u00e9tudes de toxicit\u00e9 particuli\u00e8re est entr\u00e9e en vigueur :<\/p>\n<p>&nbsp;<\/p>\n<p>toxicit\u00e9 d&rsquo;usage r\u00e9p\u00e9t\u00e9 : faibles doses d&rsquo;une substance \u00e0 tester pendant de longues p\u00e9riodes voire r\u00e9alis\u00e9es tout au long de la vie de l&rsquo;animal (toxicit\u00e9 chronique) ;<\/p>\n<p>toxicit\u00e9 reproductive : capacit\u00e9 d&rsquo;une substance administr\u00e9e \u00e0 une femelle gestante \u00e0 g\u00e9n\u00e9rer des probl\u00e8mes pour la prog\u00e9niture ;<\/p>\n<p>toxicocin\u00e9tique : comment la substance r\u00e9agit physiquement et provoque des dommages biologiques.<\/p>\n<p>&nbsp;<\/p>\n<p>Avant le 11 mars, il \u00e9tait encore possible d&rsquo;exp\u00e9rimenter un nouvel ingr\u00e9dient et de le soumettre \u00e0 des tests scientifiques sur des animaux.<\/p>\n<p>&nbsp;<\/p>\n<p>Ce fut un long processus qui a commenc\u00e9 en 2004 avec l&rsquo;interdiction de tester des produits cosm\u00e9tiques finis sur des animaux, qui a ensuite \u00e9t\u00e9 \u00e9tendue \u00e0 l&rsquo;interdiction de tester des ingr\u00e9dients individuels sur des animaux, avec pour cons\u00e9quence un obstacle \u00e0 la commercialisation de ces produits dont la formulation a \u00e9t\u00e9 soumise \u00e0 des exp\u00e9rimentations animales. \u00e9galement en dehors de l&rsquo;Union europ\u00e9enne.<\/p>\n<p>&nbsp;<\/p>\n<p>DES M\u00c9THODES ALTERNATIVES POUR REMPLACER LES TESTS COSM\u00c9TIQUES SUR LES ANIMAUX<\/p>\n<p>&nbsp;<\/p>\n<p>Les industries cosm\u00e9tiques europ\u00e9ennes sont engag\u00e9es dans la recherche continue de m\u00e9thodes alternatives pouvant remplacer tous les types de tests n\u00e9cessaires \u00e0 la commercialisation d&rsquo;un nouvel ingr\u00e9dient. Heureusement, gr\u00e2ce au travail effectu\u00e9 par de nombreuses entreprises dans le domaine, il a \u00e9t\u00e9 possible de d\u00e9velopper 5 tests alternatifs valid\u00e9s par l&rsquo;ECVAM (Centre Europ\u00e9en de Validation des M\u00e9thodes Alternatives) :<\/p>\n<p>&nbsp;<\/p>\n<p>un test d&rsquo;\u00e9valuation de la corrosion cutan\u00e9e ;<\/p>\n<p>un test r\u00e9alis\u00e9 sur des mod\u00e8les de peau humaine pour mesurer la corrosion cutan\u00e9e ;<\/p>\n<p>un test de mesure de la phototoxicit\u00e9 ;<\/p>\n<p>un test in vitro pour l&rsquo;\u00e9valuation de l&rsquo;irritation cutan\u00e9e;<\/p>\n<p>un test in vitro pour mesurer l&rsquo;absorption cutan\u00e9e.<\/p>\n<p>ATTENTION AUX \u00c9NONC\u00c9S ERRON\u00c9S<\/p>\n<p>&nbsp;<\/p>\n<p>Partant du principe qu&rsquo;il est INTERDIT par la loi d&rsquo;effectuer des tests sur les animaux, la mention \u00ab\u00a0non test\u00e9 sur les animaux\u00a0\u00bb n&rsquo;a plus aucune validit\u00e9. C&rsquo;est un support publicitaire qui provoque une concurrence d\u00e9loyale entre les entreprises cosm\u00e9tiques : l&rsquo;absence de cette expression n&rsquo;implique pas qu&rsquo;un produit particulier ait effectivement \u00e9t\u00e9 soumis \u00e0 des tests sur des animaux, car il est interdit par la loi de proc\u00e9der \u00e0 cette op\u00e9ration.<\/p>\n<p>&nbsp;<\/p>\n<p>Un exemple pour mieux comprendre la situation : la loi pr\u00e9voit que pour conduire une voiture, il faut \u00eatre muni du permis de conduire correspondant, mais personne n&rsquo;\u00e9crit \u00ab\u00a0j&rsquo;ai le permis\u00a0\u00bb sur votre voiture. Ce serait inappropri\u00e9 \u00e9tant donn\u00e9 qu&rsquo;il s&rsquo;agit d&rsquo;une contrainte l\u00e9gale inamovible : sans permis, il n&rsquo;est pas possible de conduire. La comparaison est claire, pourquoi d\u00e9clarer un fait obligatoire pour tous au d\u00e9triment des entreprises concurrentes ?<\/p>\n<p>&nbsp;<\/p>\n<p>Les activit\u00e9s entrepreneuriales en g\u00e9n\u00e9ral agissent logiquement pour g\u00e9n\u00e9rer un profit, mais elles ne peuvent \u00e9videmment pas nuire \u00e0 d&rsquo;autres r\u00e9alit\u00e9s pour atteindre cet objectif.<\/p>\n<p>&nbsp;<\/p>\n<p>L&rsquo;utilisation du fameux symbole repr\u00e9sentant un lapin stylis\u00e9 n&rsquo;a aucune valeur, c&rsquo;est un support publicitaire inadapt\u00e9 : je fais croire au consommateur que les produits qui n&rsquo;utilisent pas ce logo ont fait des tests cosm\u00e9tiques sur des animaux, ce qui est absolument faux car , comme d\u00e9j\u00e0 mentionn\u00e9, ce type d&rsquo;exp\u00e9rimentation est ill\u00e9gal ! De toute \u00e9vidence, l&rsquo;utilisation de symboles et de mots qui vantent l&rsquo;\u00e9thique de l&rsquo;entreprise parce qu&rsquo;elle n&rsquo;effectue pas de tests sur les animaux, nuit \u00e0 ceux qui, en revanche, d\u00e9cident \u00e0 juste titre de ne pas inclure ces informations sur l&rsquo;\u00e9tiquette.<\/p>\n<p>&nbsp;<\/p>\n<p>CONCLUSION<\/p>\n<p>&nbsp;<\/p>\n<p>La personne responsable peut indiquer sur l&#8217;emballage du produit ou sur tout document, feuille d&rsquo;instructions, \u00e9tiquette, bande ou \u00e9tiquette accompagnant ou faisant r\u00e9f\u00e9rence \u00e0 ce produit cosm\u00e9tique que le produit cosm\u00e9tique a \u00e9t\u00e9 d\u00e9velopp\u00e9 sans recourir \u00e0 l&rsquo;exp\u00e9rimentation animale, uniquement \u00e0 condition que le fabricant et ses fournisseurs n&rsquo;ont pas effectu\u00e9 ou fait r\u00e9aliser d&rsquo;exp\u00e9rimentations animales sur le produit cosm\u00e9tique fini, sur son prototype ou sur l&rsquo;un de ses ingr\u00e9dients et qu&rsquo;ils n&rsquo;ont pas utilis\u00e9 d&rsquo;ingr\u00e9dients soumis \u00e0 des tests sur des animaux par des tiers afin d&rsquo;obtenir de nouveaux produits cosm\u00e9tiques.<\/p>\n","protected":false},"excerpt":{"rendered":"<p>11 MARS 2013 L&rsquo;utilisation de tests cosm\u00e9tiques sur des animaux a toujours suscit\u00e9 des affrontements et des d\u00e9bats au sein de la population. Le 11 mars 2013, une \u00e9tape importante a \u00e9t\u00e9 franchie pour l&rsquo;Union europ\u00e9enne : \u00e0 cette date, l&rsquo;interdiction de commercialiser des produits cosm\u00e9tiques contenant des ingr\u00e9dients test\u00e9s<\/p>\n","protected":false},"author":1,"featured_media":2328,"parent":0,"menu_order":0,"comment_status":"closed","ping_status":"closed","template":"","meta":{"footnotes":""},"class_list":["post-1256","page","type-page","status-publish","has-post-thumbnail","hentry"],"_links":{"self":[{"href":"https:\/\/pifitalia.com\/fr\/wp-json\/wp\/v2\/pages\/1256","targetHints":{"allow":["GET"]}}],"collection":[{"href":"https:\/\/pifitalia.com\/fr\/wp-json\/wp\/v2\/pages"}],"about":[{"href":"https:\/\/pifitalia.com\/fr\/wp-json\/wp\/v2\/types\/page"}],"author":[{"embeddable":true,"href":"https:\/\/pifitalia.com\/fr\/wp-json\/wp\/v2\/users\/1"}],"replies":[{"embeddable":true,"href":"https:\/\/pifitalia.com\/fr\/wp-json\/wp\/v2\/comments?post=1256"}],"version-history":[{"count":3,"href":"https:\/\/pifitalia.com\/fr\/wp-json\/wp\/v2\/pages\/1256\/revisions"}],"predecessor-version":[{"id":2443,"href":"https:\/\/pifitalia.com\/fr\/wp-json\/wp\/v2\/pages\/1256\/revisions\/2443"}],"wp:featuredmedia":[{"embeddable":true,"href":"https:\/\/pifitalia.com\/fr\/wp-json\/wp\/v2\/media\/2328"}],"wp:attachment":[{"href":"https:\/\/pifitalia.com\/fr\/wp-json\/wp\/v2\/media?parent=1256"}],"curies":[{"name":"wp","href":"https:\/\/api.w.org\/{rel}","templated":true}]}}