{"id":1275,"date":"2018-09-06T15:03:33","date_gmt":"2018-09-06T13:03:33","guid":{"rendered":"https:\/\/pifitalia.com\/fr\/?page_id=1275"},"modified":"2024-01-26T10:52:34","modified_gmt":"2024-01-26T09:52:34","slug":"cosmetovigilance","status":"publish","type":"page","link":"https:\/\/pifitalia.com\/fr\/cosmetovigilance\/","title":{"rendered":"COSMETOVIGILANCE"},"content":{"rendered":"<p>&nbsp;<\/p>\n<p><span style=\"font-size: 36pt;\">QU&rsquo;ENTEND-ON PAR COSMETOVIGILANCE ?<\/span><\/p>\n<p>Les produits cosm\u00e9tiques sont largement utilis\u00e9s, mais peuvent provoquer des effets ind\u00e9sirables, d\u00e9finis comme \u00ab des r\u00e9actions ind\u00e9sirables pour la sant\u00e9 humaine imputables aux conditions normales ou raisonnablement pr\u00e9visibles d&rsquo;utilisation d&rsquo;un produit cosm\u00e9tique \u00bb.<\/p>\n<p>&nbsp;<\/p>\n<p>Lorsque, par le biais du signalement d&rsquo;un client, d&rsquo;un m\u00e9decin ou d&rsquo;un pharmacien, la PERSONNE RESPONSABLE prend connaissance de ces effets ind\u00e9sirables, elle doit prendre des mesures afin de recueillir le maximum d&rsquo;informations utiles pour v\u00e9rifier l&rsquo;existence d&rsquo;un lien de causalit\u00e9 entre l&rsquo;utilisation du produit et de l&rsquo;effet ind\u00e9sirable.<\/p>\n<p>&nbsp;<\/p>\n<p>Nous pouvons affirmer que, par cosm\u00e9tovigilance, nous entendons l&rsquo;obligation du responsable de communiquer aux Autorit\u00e9s comp\u00e9tentes tous les effets ind\u00e9sirables que peut provoquer un produit cosm\u00e9tique.<\/p>\n<p>&nbsp;<\/p>\n<p>La Personne Responsable doit archiver toute la documentation relative \u00e0 l&rsquo;effet ind\u00e9sirable et signaler, au sein du DIP (DOSSIER D&rsquo;INFORMATION PRODUIT), tous les cas d&rsquo;effets ind\u00e9sirables connus. La mise \u00e0 jour constante de ces informations sera n\u00e9cessaire pour r\u00e9\u00e9valuer, si n\u00e9cessaire, la s\u00e9curit\u00e9 du produit cosm\u00e9tique, en supposant, le cas \u00e9ch\u00e9ant, une modification de la formulation.<\/p>\n<p>&nbsp;<\/p>\n<p>En cas d&rsquo;effet ind\u00e9sirable grave, des mesures particuli\u00e8res doivent cependant \u00eatre prises.<\/p>\n<p>&nbsp;<\/p>\n<p>QUELS SONT LES \u00ab EFFETS IND\u00c9SIRABLES GRAVES \u00bb<\/p>\n<p>&nbsp;<\/p>\n<p>Les effets ind\u00e9sirables graves sont d\u00e9finis comme ceux qui \u00ab entra\u00eenent une incapacit\u00e9 fonctionnelle temporaire ou permanente, un handicap, une hospitalisation, des anomalies cong\u00e9nitales, des risques mortels imm\u00e9diats ou le d\u00e9c\u00e8s \u00bb.<\/p>\n<p>&nbsp;<\/p>\n<p>Pour r\u00e9duire les risques, l&rsquo;Union europ\u00e9enne a pr\u00e9vu la cr\u00e9ation d&rsquo;un syst\u00e8me de cosm\u00e9tovigilance, avec le r\u00e8glement CE n\u00b0. 1223\/2009, en vigueur depuis le 11 juillet 2013.<\/p>\n<p>&nbsp;<\/p>\n<p>Une surveillance efficace du march\u00e9 est n\u00e9cessaire pour garantir le respect des exigences du pr\u00e9sent r\u00e8glement. A cet effet, les effets ind\u00e9sirables graves doivent \u00eatre signal\u00e9s. Les autorit\u00e9s comp\u00e9tentes devraient pouvoir demander au responsable du traitement une liste de produits cosm\u00e9tiques contenant des substances pour lesquelles il existe de graves probl\u00e8mes de s\u00e9curit\u00e9.<\/p>\n<p>&nbsp;<\/p>\n<p>En vertu de la r\u00e9glementation, les fabricants et les distributeurs sont tenus de signaler les effets ind\u00e9sirables graves, vraisemblablement associ\u00e9s \u00e0 l&rsquo;utilisation de produits cosm\u00e9tiques, \u00e0 l&rsquo;autorit\u00e9 comp\u00e9tente, qui en Italie est le minist\u00e8re de la Sant\u00e9.<\/p>\n<p>&nbsp;<\/p>\n<p>QU&rsquo;ENTEND-ON PAR COSMETOVIGILANCE ?<\/p>\n<p>Les produits cosm\u00e9tiques sont largement utilis\u00e9s, mais peuvent provoquer des effets ind\u00e9sirables, d\u00e9finis comme \u00ab des r\u00e9actions ind\u00e9sirables pour la sant\u00e9 humaine imputables aux conditions normales ou raisonnablement pr\u00e9visibles d&rsquo;utilisation d&rsquo;un produit cosm\u00e9tique \u00bb.<\/p>\n<p>&nbsp;<\/p>\n<p>Lorsque, par le biais du signalement d&rsquo;un client, d&rsquo;un m\u00e9decin ou d&rsquo;un pharmacien, la PERSONNE RESPONSABLE prend connaissance de ces effets ind\u00e9sirables, elle doit prendre des mesures afin de recueillir le maximum d&rsquo;informations utiles pour v\u00e9rifier l&rsquo;existence d&rsquo;un lien de causalit\u00e9 entre l&rsquo;utilisation du produit et de l&rsquo;effet ind\u00e9sirable.<\/p>\n<p>&nbsp;<\/p>\n<p>Nous pouvons affirmer que, par cosm\u00e9tovigilance, nous entendons l&rsquo;obligation du responsable de communiquer aux Autorit\u00e9s comp\u00e9tentes tous les effets ind\u00e9sirables que peut provoquer un produit cosm\u00e9tique.<\/p>\n<p>&nbsp;<\/p>\n<p>La Personne Responsable doit archiver toute la documentation relative \u00e0 l&rsquo;effet ind\u00e9sirable et signaler, au sein du DIP (DOSSIER D&rsquo;INFORMATION PRODUIT), tous les cas d&rsquo;effets ind\u00e9sirables connus. La mise \u00e0 jour constante de ces informations sera n\u00e9cessaire pour r\u00e9\u00e9valuer, si n\u00e9cessaire, la s\u00e9curit\u00e9 du produit cosm\u00e9tique, en supposant, le cas \u00e9ch\u00e9ant, une modification de la formulation.<\/p>\n<p>&nbsp;<\/p>\n<p>En cas d&rsquo;effet ind\u00e9sirable grave, des mesures particuli\u00e8res doivent cependant \u00eatre prises.<\/p>\n<p>&nbsp;<\/p>\n<p>QUELS SONT LES \u00ab EFFETS IND\u00c9SIRABLES GRAVES \u00bb<\/p>\n<p>&nbsp;<\/p>\n<p>Les effets ind\u00e9sirables graves sont d\u00e9finis comme ceux qui \u00ab entra\u00eenent une incapacit\u00e9 fonctionnelle temporaire ou permanente, un handicap, une hospitalisation, des anomalies cong\u00e9nitales, des risques mortels imm\u00e9diats ou le d\u00e9c\u00e8s \u00bb.<\/p>\n<p>&nbsp;<\/p>\n<p>Pour r\u00e9duire les risques, l&rsquo;Union europ\u00e9enne a pr\u00e9vu la cr\u00e9ation d&rsquo;un syst\u00e8me de cosm\u00e9tovigilance, avec le r\u00e8glement CE n\u00b0. 1223\/2009, en vigueur depuis le 11 juillet 2013.<\/p>\n<p>&nbsp;<\/p>\n<p>Une surveillance efficace du march\u00e9 est n\u00e9cessaire pour garantir le respect des exigences du pr\u00e9sent r\u00e8glement. A cet effet, les effets ind\u00e9sirables graves doivent \u00eatre signal\u00e9s. Les autorit\u00e9s comp\u00e9tentes devraient pouvoir demander au responsable du traitement une liste de produits cosm\u00e9tiques contenant des substances pour lesquelles il existe de graves probl\u00e8mes de s\u00e9curit\u00e9.<\/p>\n<p>&nbsp;<\/p>\n<p>En vertu de la r\u00e9glementation, les fabricants et les distributeurs sont tenus de signaler les effets ind\u00e9sirables graves, vraisemblablement associ\u00e9s \u00e0 l&rsquo;utilisation de produits cosm\u00e9tiques, \u00e0 l&rsquo;autorit\u00e9 comp\u00e9tente, qui en Italie est le minist\u00e8re de la Sant\u00e9.<\/p>\n","protected":false},"excerpt":{"rendered":"<p>&nbsp; QU&rsquo;ENTEND-ON PAR COSMETOVIGILANCE ? Les produits cosm\u00e9tiques sont largement utilis\u00e9s, mais peuvent provoquer des effets ind\u00e9sirables, d\u00e9finis comme \u00ab des r\u00e9actions ind\u00e9sirables pour la sant\u00e9 humaine imputables aux conditions normales ou raisonnablement pr\u00e9visibles d&rsquo;utilisation d&rsquo;un produit cosm\u00e9tique \u00bb. &nbsp; Lorsque, par le biais du signalement d&rsquo;un client, d&rsquo;un m\u00e9decin<\/p>\n","protected":false},"author":1,"featured_media":2328,"parent":0,"menu_order":0,"comment_status":"closed","ping_status":"closed","template":"","meta":{"footnotes":""},"class_list":["post-1275","page","type-page","status-publish","has-post-thumbnail","hentry"],"_links":{"self":[{"href":"https:\/\/pifitalia.com\/fr\/wp-json\/wp\/v2\/pages\/1275","targetHints":{"allow":["GET"]}}],"collection":[{"href":"https:\/\/pifitalia.com\/fr\/wp-json\/wp\/v2\/pages"}],"about":[{"href":"https:\/\/pifitalia.com\/fr\/wp-json\/wp\/v2\/types\/page"}],"author":[{"embeddable":true,"href":"https:\/\/pifitalia.com\/fr\/wp-json\/wp\/v2\/users\/1"}],"replies":[{"embeddable":true,"href":"https:\/\/pifitalia.com\/fr\/wp-json\/wp\/v2\/comments?post=1275"}],"version-history":[{"count":3,"href":"https:\/\/pifitalia.com\/fr\/wp-json\/wp\/v2\/pages\/1275\/revisions"}],"predecessor-version":[{"id":2435,"href":"https:\/\/pifitalia.com\/fr\/wp-json\/wp\/v2\/pages\/1275\/revisions\/2435"}],"wp:featuredmedia":[{"embeddable":true,"href":"https:\/\/pifitalia.com\/fr\/wp-json\/wp\/v2\/media\/2328"}],"wp:attachment":[{"href":"https:\/\/pifitalia.com\/fr\/wp-json\/wp\/v2\/media?parent=1275"}],"curies":[{"name":"wp","href":"https:\/\/api.w.org\/{rel}","templated":true}]}}