{"id":1296,"date":"2018-09-06T16:11:37","date_gmt":"2018-09-06T14:11:37","guid":{"rendered":"https:\/\/pifitalia.com\/fr\/?page_id=1296"},"modified":"2024-01-26T13:18:20","modified_gmt":"2024-01-26T12:18:20","slug":"sanctions-decret-legislatif","status":"publish","type":"page","link":"https:\/\/pifitalia.com\/fr\/sanctions-decret-legislatif\/","title":{"rendered":"SANCTIONS &#8211; D\u00c9CRET L\u00c9GISLATIF, 04\/12\/2015 n \u00b0 204, G.U. 22\/12\/2015"},"content":{"rendered":"<h1 style=\"text-align: left;\">Sanctions &#8211; Manquement aux obligations<\/h1>\n<p>D\u00c9CRET L\u00c9GISLATIF, 04\/12\/2015 n \u00b0 204, G.U. 22\/12\/2015<\/p>\n<p>Art.3<\/p>\n<p>Violation des obligations d\u00e9coulant de l&rsquo;article 3 du r\u00e8glement sur la s\u00e9curit\u00e9 des produits cosm\u00e9tiques<\/p>\n<p>&nbsp;<\/p>\n<p>Est puni d&rsquo;une peine d&#8217;emprisonnement de un \u00e0 cinq ans et d&rsquo;une amende d&rsquo;au moins 1 000 \u20ac.<\/p>\n<p>Si l&rsquo;infraction est commise par faute, les peines pr\u00e9vues au pr\u00e9sent article sont r\u00e9duites du tiers au sixi\u00e8me.<\/p>\n<p>Art.4<\/p>\n<p>&nbsp;<\/p>\n<p>Violation des obligations d\u00e9coulant de l&rsquo;article 5, paragraphes 2 et 3, du r\u00e8glement sur les obligations des personnes responsables<\/p>\n<p>&nbsp;<\/p>\n<p>Le responsable vis\u00e9 \u00e0 l&rsquo;article 4 du r\u00e8glement qui, ayant pris connaissance d&rsquo;un ou plusieurs faits pr\u00e9cis dont il est d\u00e9duit qu&rsquo;un produit qu&rsquo;il a mis sur le march\u00e9 n&rsquo;est pas conforme au r\u00e8glement et ne prend pas imm\u00e9diatement des mesures correctives n\u00e9cessaire pour mettre ce produit en conformit\u00e9, le retirer ou le rappeler, ou qui ne fournit pas les informations requises par l&rsquo;article 5, paragraphe 2, deuxi\u00e8me alin\u00e9a, du r\u00e8glement, est puni d&rsquo;une amende allant de 10 000 \u20ac \u00e0 25 000 \u20ac.<\/p>\n<p>Le responsable vis\u00e9 \u00e0 l&rsquo;article 4 du r\u00e8glement, qui ne respecte pas les obligations vis\u00e9es \u00e0 l&rsquo;article 5, alin\u00e9a 3, du r\u00e8glement, est puni d&rsquo;une amende allant de 10 000 \u20ac \u00e0 25 000 \u20ac.<\/p>\n<p>Article 5<\/p>\n<p>&nbsp;<\/p>\n<p>Violation des obligations d\u00e9coulant de l&rsquo;article 6 du r\u00e8glement relatif aux obligations des distributeurs<\/p>\n<p>&nbsp;<\/p>\n<p>Le distributeur qui n&rsquo;effectue pas les v\u00e9rifications vis\u00e9es \u00e0 l&rsquo;article 6, alin\u00e9a 2, du r\u00e8glement, est puni d&rsquo;une amende allant de 3 000 \u20ac \u00e0 30 000 \u20ac. Est puni de la m\u00eame peine le distributeur qui, ayant pris connaissance d&rsquo;un ou plusieurs faits pr\u00e9cis dont d\u00e9coule l&rsquo;une des circonstances indiqu\u00e9es \u00e0 l&rsquo;article 6, paragraphe 3, premier alin\u00e9a, du r\u00e8glement, ne respecte pas les obligations qui y sont pr\u00e9vues. ., ainsi que le distributeur qui ne respecte pas les obligations pr\u00e9vues au paragraphe 3, deuxi\u00e8me alin\u00e9a, et aux paragraphes 4 et 5 du m\u00eame article.<\/p>\n<p>Article 6<\/p>\n<p>&nbsp;<\/p>\n<p>Violation des obligations d\u00e9coulant de l&rsquo;article 7 du r\u00e8glement sur les obligations d&rsquo;identification dans la cha\u00eene d&rsquo;approvisionnement<\/p>\n<p>&nbsp;<\/p>\n<p>Le responsable vis\u00e9 \u00e0 l&rsquo;article 4 du r\u00e8glement ou le distributeur qui ne r\u00e9pond pas aux demandes d&rsquo;identification vis\u00e9es \u00e0 l&rsquo;article 7 du r\u00e8glement, s&rsquo;expose \u00e0 une sanction administrative p\u00e9cuniaire de 10 000 \u20ac \u00e0 25 000 \u20ac.<\/p>\n<p>Article 7<\/p>\n<p>&nbsp;<\/p>\n<p>Violation des obligations d\u00e9coulant de l&rsquo;article 8 du r\u00e8glement sur les bonnes pratiques de fabrication<\/p>\n<p>&nbsp;<\/p>\n<p>Sauf si le fait constitue un crime, quiconque contrevient aux dispositions vis\u00e9es \u00e0 l&rsquo;article 8 du r\u00e8glement encourt une sanction administrative p\u00e9cuniaire de 1 000 \u20ac \u00e0 6 000 \u20ac.<\/p>\n<p>Article 8<\/p>\n<p>&nbsp;<\/p>\n<p>Violation des obligations d\u00e9coulant des articles 10 et 11 du r\u00e8glement sur l&rsquo;\u00e9valuation de la s\u00e9curit\u00e9 et la documentation d&rsquo;information sur les produits<\/p>\n<p>&nbsp;<\/p>\n<p>La personne responsable vis\u00e9e \u00e0 l&rsquo;article 4 du r\u00e8glement qui met sur le march\u00e9 des produits cosm\u00e9tiques qui n&rsquo;ont pas fait l&rsquo;objet d&rsquo;une \u00e9valuation de la s\u00e9curit\u00e9, ou pour lesquels un rapport sur la s\u00e9curit\u00e9 des produits cosm\u00e9tiques conform\u00e9ment \u00e0 l&rsquo;annexe I du r\u00e8glement n&rsquo;a pas \u00e9t\u00e9 \u00e9tabli, et \u00ab puni d&rsquo;une amende allant de 10 000 \u20ac \u00e0 100 000 \u20ac. Le responsable encourt la m\u00eame peine lorsqu&rsquo;il contrevient aux dispositions de l&rsquo;article 11 du r\u00e8glement ou si l&rsquo;\u00e9valuation de la s\u00e9curit\u00e9 du produit cosm\u00e9tique n&rsquo;est pas conforme aux conditions de l&rsquo;article 10 du r\u00e8glement.<\/p>\n<p>Article 9<\/p>\n<p>&nbsp;<\/p>\n<p>Violation des obligations d\u00e9coulant de l&rsquo;article 13 du r\u00e8glement notification<\/p>\n<p>&nbsp;<\/p>\n<p>La personne responsable vis\u00e9e \u00e0 l&rsquo;article 4 du r\u00e8glement qui, avant de mettre le produit cosm\u00e9tique sur le march\u00e9, ne le notifie pas conform\u00e9ment aux proc\u00e9dures pr\u00e9vues \u00e0 l&rsquo;article 13, paragraphe 1, du r\u00e8glement ou ne respecte pas l&rsquo;obligation de divulgation vis\u00e9e \u00e0 l&rsquo;article 13, paragraphe 2, du r\u00e8glement.<\/p>\n<p>Les distributeurs qui ne respectent pas l&rsquo;obligation de transmission vis\u00e9e \u00e0 l&rsquo;article 13, paragraphe 3, du r\u00e8glement sont passibles de la m\u00eame sanction administrative vis\u00e9e au paragraphe 1, ainsi que le distributeur et le responsable qui contreviennent aux obligations de communication respectivement impos\u00e9es aux l&rsquo;article 13, paragraphe 4, du r\u00e8glement ou les obligations de mise \u00e0 jour vis\u00e9es \u00e0 l&rsquo;article 13, paragraphe 7, du r\u00e8glement.<\/p>\n<p>Article 10<\/p>\n<p>&nbsp;<\/p>\n<p>Violation des obligations d\u00e9coulant des articles 14 et 15 du r\u00e8glement sur les restrictions applicables aux substances list\u00e9es dans les annexes du r\u00e8glement et aux substances class\u00e9es comme substances CMR<\/p>\n<p>&nbsp;<\/p>\n<p>A moins que les faits ne constituent les d\u00e9lits les plus graves pr\u00e9vus \u00e0 l&rsquo;article 3, quiconque utilise les substances \u00e9num\u00e9r\u00e9es \u00e0 l&rsquo;annexe II du r\u00e8glement dans la fabrication de produits cosm\u00e9tiques est puni d&rsquo;un emprisonnement de six mois \u00e0 deux ans et d&rsquo;une amende de 2 000 \u20ac \u00e0 15 000 \u20ac, ou, si l&rsquo;infraction est commise par n\u00e9gligence, d&rsquo;un emprisonnement de trois mois \u00e0 un an ou d&rsquo;une amende de 1 000 \u20ac \u00e0 10 000 \u20ac.<\/p>\n<p>A moins que les faits ne constituent les infractions les plus graves pr\u00e9vues \u00e0 l&rsquo;article 3, quiconque utilise des substances inscrites aux annexes III, IV, V et VI du r\u00e8glement dans la fabrication de produits cosm\u00e9tiques sans respecter les limites et conditions pr\u00e9cis\u00e9es dans les m\u00eames annexes est puni. .d&rsquo;un emprisonnement d&rsquo;un mois \u00e0 un an et d&rsquo;une amende de 500 \u20ac \u00e0 5 000 \u20ac. Si l&rsquo;infraction est commise par n\u00e9gligence, une peine d&rsquo;arr\u00eat pouvant aller jusqu&rsquo;\u00e0 six mois ou une amende de 250 \u20ac \u00e0 2 500 \u20ac est appliqu\u00e9e.<\/p>\n<p>A moins que les faits ne constituent les d\u00e9lits les plus graves pr\u00e9vus \u00e0 l&rsquo;article 3, quiconque contreviendra aux dispositions de l&rsquo;article 15 du r\u00e8glement, concernant les substances class\u00e9es comme substances CMR, est puni d&rsquo;un emprisonnement de six mois \u00e0 deux ans et d&rsquo;une amende de \u20ac de 2 000 \u00e0 15 000 \u20ac, ou, si l&rsquo;infraction est commise par faute, d&rsquo;un emprisonnement de trois mois \u00e0 un an ou d&rsquo;une amende de 1 000 \u20ac \u00e0 10 000 \u20ac.<\/p>\n<p>Article 11<\/p>\n<p>&nbsp;<\/p>\n<p>Violation des obligations d\u00e9coulant de l&rsquo;article 16 concernant les nanomat\u00e9riaux<\/p>\n<p>&nbsp;<\/p>\n<p>Le responsable vis\u00e9 \u00e0 l&rsquo;article 4 du r\u00e8glement qui ne proc\u00e8de pas \u00e0 la notification pr\u00e9vue par l&rsquo;article 16, alin\u00e9a 3, du r\u00e8glement encourt une sanction administrative p\u00e9cuniaire de 1 000 \u20ac \u00e0 6 000 \u20ac.<\/p>\n<p>Article 12<\/p>\n<p>&nbsp;<\/p>\n<p>Violation des obligations d\u00e9coulant de l&rsquo;article 18 concernant l&rsquo;exp\u00e9rimentation animale<\/p>\n<p>&nbsp;<\/p>\n<p>A moins que le fait ne constitue un d\u00e9lit plus grave, quiconque met des produits cosm\u00e9tiques sur le march\u00e9 en violation des interdictions vis\u00e9es \u00e0 l&rsquo;article 18, alin\u00e9a 1er, lettres a) et b) du r\u00e8glement est puni d&rsquo;un emprisonnement d&rsquo;un mois \u00e0 un an. .et d&rsquo;une amende comprise entre 500 \u20ac et 5 000 \u20ac.<\/p>\n<p>A moins que le fait ne constitue une infraction plus grave, quiconque proc\u00e8de \u00e0 des exp\u00e9rimentations animales en violation des interdictions vis\u00e9es \u00e0 l&rsquo;article 18, paragraphe 1, lettres c) et d), du R\u00e8glement est puni d&rsquo;un emprisonnement d&rsquo;un \u00e0 six mois et d&rsquo;une l&rsquo;amende de 500 \u20ac \u00e0 5 000 \u20ac.<\/p>\n<p>Article 13<\/p>\n<p>&nbsp;<\/p>\n<p>Violation des obligations d\u00e9coulant des articles 19 et 20 concernant l&rsquo;\u00e9tiquetage et les d\u00e9clarations relatives au produit<\/p>\n<p>&nbsp;<\/p>\n<p>La personne responsable vis\u00e9e \u00e0 l&rsquo;article 4 du r\u00e8glement qui met sur le march\u00e9 un produit cosm\u00e9tique dont l&rsquo;\u00e9tiquetage n&rsquo;est pas conforme aux dispositions de l&rsquo;article 19 et de l&rsquo;article 20, paragraphe 3, du r\u00e8glement encourt une sanction administrative p\u00e9cuniaire de 500 \u20ac. annonce 4 000 \u20ac.<\/p>\n<p>Sauf si le fait constitue un d\u00e9lit, le responsable vis\u00e9 \u00e0 l&rsquo;article 4 du r\u00e8glement qui utilise dans l&rsquo;\u00e9tiquetage, la pr\u00e9sentation sur le march\u00e9 ou la publicit\u00e9 des produits cosm\u00e9tiques des mots, noms, marques, images ou autres signes figuratifs qu&rsquo;il attribue aux produits les m\u00eames caract\u00e9ristiques ou fonctions qu&rsquo;ils ne poss\u00e8dent pas, est passible d&rsquo;une sanction administrative p\u00e9cuniaire de 500 \u00e0 5 000 euros.<\/p>\n<p>Article 14<\/p>\n<p>&nbsp;<\/p>\n<p>Violation de l&rsquo;obligation d\u00e9coulant de l&rsquo;article 21 concernant l&rsquo;acc\u00e8s du public \u00e0 l&rsquo;information<\/p>\n<p>&nbsp;<\/p>\n<p>Le responsable vis\u00e9 \u00e0 l&rsquo;article 4 du r\u00e8glement qui ne garantit pas l&rsquo;acc\u00e8s du public, par des moyens appropri\u00e9s, aux informations vis\u00e9es \u00e0 l&rsquo;article 21 du r\u00e8glement encourt une sanction administrative p\u00e9cuniaire de 1 000 \u20ac \u00e0 6 000 \u20ac.<\/p>\n<p>Article 15<\/p>\n<p>&nbsp;<\/p>\n<p>Violation des obligations d\u00e9coulant des articles 23 et 24 concernant les informations \u00e0 fournir aux autorit\u00e9s comp\u00e9tentes<\/p>\n<p>&nbsp;<\/p>\n<p>A moins que le fait ne constitue un d\u00e9lit, le responsable vis\u00e9 \u00e0 l&rsquo;article 4 du R\u00e8glement et les distributeurs qui ne se conforment pas \u00e0 l&rsquo;obligation d&rsquo;information vis\u00e9e \u00e0 l&rsquo;article 23, alin\u00e9a 1 du R\u00e8glement s&rsquo;exposent \u00e0 une sanction administrative p\u00e9cuniaire de 500 \u20ac \u00e0 5 000 \u20ac.<\/p>\n<p>La personne responsable vis\u00e9e \u00e0 l&rsquo;article 4 du r\u00e8glement qui ne donne pas suite \u00e0 la demande des autorit\u00e9s comp\u00e9tentes de produire, en application de l&rsquo;article 24 du r\u00e8glement, la liste de tous les produits cosm\u00e9tiques contenant des substances sur lesquelles se posent des doutes s\u00e9rieux sur la s\u00e9curit\u00e9, est passible d&rsquo;une sanction administrative p\u00e9cuniaire de 500 \u00e0 5 000 euros.<\/p>\n<p>Article 16<\/p>\n<p>&nbsp;<\/p>\n<p>Violation des obligations d\u00e9coulant des articles 25 et 26 concernant le non-respect<\/p>\n<p>&nbsp;<\/p>\n<p>Sauf si le fait constitue un crime, le responsable vis\u00e9 \u00e0 l&rsquo;article 4 du r\u00e8glement ou le distributeur qui omet d&rsquo;adopter les mesures requises par l&rsquo;autorit\u00e9 comp\u00e9tente en vertu des articles 25 et 26 du r\u00e8glement ou prend des mesures qui ne suffisent pas \u00e0 rendre le produit cosm\u00e9tique conforme aux dispositions du r\u00e8glement, ou n&rsquo;adopte pas ces mesures dans les d\u00e9lais \u00e9tablis par l&rsquo;autorit\u00e9, est passible d&rsquo;une sanction administrative p\u00e9cuniaire de 10 000 \u20ac \u00e0 25 000 \u20ac.<\/p>\n<p style=\"text-align: justify;\">\n","protected":false},"excerpt":{"rendered":"<p>Sanctions &#8211; Manquement aux obligations D\u00c9CRET L\u00c9GISLATIF, 04\/12\/2015 n \u00b0 204, G.U. 22\/12\/2015 Art.3 Violation des obligations d\u00e9coulant de l&rsquo;article 3 du r\u00e8glement sur la s\u00e9curit\u00e9 des produits cosm\u00e9tiques &nbsp; Est puni d&rsquo;une peine d&#8217;emprisonnement de un \u00e0 cinq ans et d&rsquo;une amende d&rsquo;au moins 1 000 \u20ac. Si l&rsquo;infraction<\/p>\n","protected":false},"author":1,"featured_media":2328,"parent":0,"menu_order":0,"comment_status":"closed","ping_status":"closed","template":"","meta":{"footnotes":""},"class_list":["post-1296","page","type-page","status-publish","has-post-thumbnail","hentry"],"_links":{"self":[{"href":"https:\/\/pifitalia.com\/fr\/wp-json\/wp\/v2\/pages\/1296","targetHints":{"allow":["GET"]}}],"collection":[{"href":"https:\/\/pifitalia.com\/fr\/wp-json\/wp\/v2\/pages"}],"about":[{"href":"https:\/\/pifitalia.com\/fr\/wp-json\/wp\/v2\/types\/page"}],"author":[{"embeddable":true,"href":"https:\/\/pifitalia.com\/fr\/wp-json\/wp\/v2\/users\/1"}],"replies":[{"embeddable":true,"href":"https:\/\/pifitalia.com\/fr\/wp-json\/wp\/v2\/comments?post=1296"}],"version-history":[{"count":3,"href":"https:\/\/pifitalia.com\/fr\/wp-json\/wp\/v2\/pages\/1296\/revisions"}],"predecessor-version":[{"id":2437,"href":"https:\/\/pifitalia.com\/fr\/wp-json\/wp\/v2\/pages\/1296\/revisions\/2437"}],"wp:featuredmedia":[{"embeddable":true,"href":"https:\/\/pifitalia.com\/fr\/wp-json\/wp\/v2\/media\/2328"}],"wp:attachment":[{"href":"https:\/\/pifitalia.com\/fr\/wp-json\/wp\/v2\/media?parent=1296"}],"curies":[{"name":"wp","href":"https:\/\/api.w.org\/{rel}","templated":true}]}}