{"id":1849,"date":"2021-06-09T15:21:44","date_gmt":"2021-06-09T13:21:44","guid":{"rendered":"https:\/\/pifitalia.com\/fr\/?page_id=1849"},"modified":"2024-01-26T10:52:12","modified_gmt":"2024-01-26T09:52:12","slug":"cosmetiques","status":"publish","type":"page","link":"https:\/\/pifitalia.com\/fr\/cosmetiques\/","title":{"rendered":"Cosm\u00e9tiques"},"content":{"rendered":"<div style=\"text-align: justify;\">\n<p>Nous aidons les entreprises dans le domaine difficile de la l\u00e9gislation cosm\u00e9tique, en constante \u00e9volution et \u00e0 respecter sous tous ses aspects. La production, l&rsquo;importation et la commercialisation de produits cosm\u00e9tiques en Italie et en Europe ne sont autoris\u00e9es qu&rsquo;aux entreprises qui se sont conform\u00e9es \u00e0 une s\u00e9rie de contraintes r\u00e9glementaires et techniques. Il s&rsquo;agit d&rsquo;une activit\u00e9 qui n\u00e9cessite une solide exp\u00e9rience professionnelle pour bien v\u00e9rifier si les documents du fabricant de cosm\u00e9tiques sont conformes aux exigences formul\u00e9es par la r\u00e9glementation europ\u00e9enne et aux pratiques sp\u00e9cifiques en vigueur dans les diff\u00e9rentes agences et minist\u00e8res des diff\u00e9rents pays de l&rsquo;UE.<br \/>\nLa comp\u00e9tence des personnalit\u00e9s professionnelles charg\u00e9es de r\u00e9diger les dossiers d&rsquo;autorisation de mise sur le march\u00e9 ou d&rsquo;importation de cosm\u00e9tiques doit donc \u00eatre r\u00e9solument \u00e9lev\u00e9e et en phase avec les \u00e9volutions continues de ce secteur sp\u00e9cifique, tant d&rsquo;un point de vue r\u00e9glementaire que r\u00e9glementaire. notamment d&rsquo;un point de vue technique, pour guider le fabricant ou l&rsquo;importateur de cosm\u00e9tiques vers la constitution correcte de l&rsquo;ensemble du dossier.<\/p>\n<p>Le secteur des affaires r\u00e9glementaires est n\u00e9 de la volont\u00e9 des organismes gouvernementaux de prot\u00e9ger la sant\u00e9 publique, en veillant \u00e0 la s\u00e9curit\u00e9 et \u00e0 l&rsquo;efficacit\u00e9 des produits de l&rsquo;industrie chimique. Les entreprises cosm\u00e9tiques, quant \u00e0 elles, souhaitent que leurs produits soient conformes aux r\u00e9glementations de s\u00e9curit\u00e9 en vigueur et s&rsquo;appuient de plus en plus sur des experts en affaires r\u00e9glementaires tels que PIF ITALIA.<\/p>\n<\/div>\n<div><\/div>\n<p>&nbsp;<\/p>\n<p>Conseil cosm\u00e9tique :<\/p>\n<ul>\n<li>D\u00e9marrage d&rsquo;un laboratoire de production cosm\u00e9tique<\/li>\n<li>\u00c9valuation de la s\u00e9curit\u00e9 du produit cosm\u00e9tique<\/li>\n<li>Profil toxicologique des substances (donn\u00e9es toxicologiques)<\/li>\n<li>R\u00e9daction du CPSR et \u00e9laboration du PIF<\/li>\n<li>Contr\u00f4le, r\u00e9vision et conformit\u00e9 des \u00e9tiquettes<\/li>\n<li>Conseil en r\u00e9glementation et formulation<\/li>\n<li>Chiffres normatifs : la personne responsable<\/li>\n<li>Notification des produits au CPNP, inscription sur le portail europ\u00e9en<\/li>\n<li>Importation de cosm\u00e9tiques et d\u00e9douanement<\/li>\n<li>Exportation de cosm\u00e9tiques extra UE et lib\u00e9ration de CLV<\/li>\n<\/ul>\n<p>Pour plus d&rsquo;informations, contactez-nous au bureau au (+39) 0422 410719 ou \u00e9crivez-nous un e-mail.<\/p>\n<p><span><a class=\"maxbutton-2 maxbutton maxbutton-pour-plus-d-infos-cliquez-ici\" target=\"_blank\" rel=\"noopener\" href=\"https:\/\/pifitalia.com\/fr\/Contactez-nous\/\"><span class='mb-text'>POUR PLUS D&#039;INFOS, CLIQUEZ ICI<\/span><\/a><\/span><\/p>\n<p>&nbsp;<\/p>\n","protected":false},"excerpt":{"rendered":"<p>Nous aidons les entreprises dans le domaine difficile de la l\u00e9gislation cosm\u00e9tique, en constante \u00e9volution et \u00e0 respecter sous tous ses aspects. La production, l&rsquo;importation et la commercialisation de produits cosm\u00e9tiques en Italie et en Europe ne sont autoris\u00e9es qu&rsquo;aux entreprises qui se sont conform\u00e9es \u00e0 une s\u00e9rie de contraintes<\/p>\n","protected":false},"author":1,"featured_media":2320,"parent":0,"menu_order":0,"comment_status":"closed","ping_status":"closed","template":"","meta":{"footnotes":""},"class_list":["post-1849","page","type-page","status-publish","has-post-thumbnail","hentry"],"_links":{"self":[{"href":"https:\/\/pifitalia.com\/fr\/wp-json\/wp\/v2\/pages\/1849","targetHints":{"allow":["GET"]}}],"collection":[{"href":"https:\/\/pifitalia.com\/fr\/wp-json\/wp\/v2\/pages"}],"about":[{"href":"https:\/\/pifitalia.com\/fr\/wp-json\/wp\/v2\/types\/page"}],"author":[{"embeddable":true,"href":"https:\/\/pifitalia.com\/fr\/wp-json\/wp\/v2\/users\/1"}],"replies":[{"embeddable":true,"href":"https:\/\/pifitalia.com\/fr\/wp-json\/wp\/v2\/comments?post=1849"}],"version-history":[{"count":18,"href":"https:\/\/pifitalia.com\/fr\/wp-json\/wp\/v2\/pages\/1849\/revisions"}],"predecessor-version":[{"id":2504,"href":"https:\/\/pifitalia.com\/fr\/wp-json\/wp\/v2\/pages\/1849\/revisions\/2504"}],"wp:featuredmedia":[{"embeddable":true,"href":"https:\/\/pifitalia.com\/fr\/wp-json\/wp\/v2\/media\/2320"}],"wp:attachment":[{"href":"https:\/\/pifitalia.com\/fr\/wp-json\/wp\/v2\/media?parent=1849"}],"curies":[{"name":"wp","href":"https:\/\/api.w.org\/{rel}","templated":true}]}}